{"id":136,"date":"2026-01-28T18:09:36","date_gmt":"2026-01-28T18:09:36","guid":{"rendered":"https:\/\/ddolega.hosting24.pl\/qibalance\/?page_id=136"},"modified":"2026-04-02T21:39:14","modified_gmt":"2026-04-02T21:39:14","slug":"cennik","status":"publish","type":"page","link":"https:\/\/qibalance.pl\/?page_id=136","title":{"rendered":"Cennik"},"content":{"rendered":"\n<p class=\"has-text-align-left\"><span style=\"text-decoration: underline;\"><strong>Pierwsza wizyta<\/strong> (60 min.):<\/span> <br>konsultacja + <strong>zabieg akupunktury &#8211; 180 PLN<\/strong><br>konsultacja + <strong>zabieg akupunktury &#8222;bez igie\u0142&#8221; <\/strong><em>(z wykorzystaniem plastr\u00f3w z magnesami)<\/em><strong> &#8211; 210 PLN<\/strong><br>konsultacja + <strong>zabieg z\u0142o\u017cony<\/strong> <em>(akupunktura TCM + stymulacja punkt\u00f3w na uchu\/d\u0142oni + kinesiotaping z plastrami magnetycznymi)<\/em> <strong>&#8211; 250 PLN<\/strong><\/p>\n\n\n\n<p class=\"has-text-align-left\"><span style=\"text-decoration: underline;\"><strong>Kolejna wizyta<\/strong> (30 min.):<\/span><br><strong>zabieg akupunktury<\/strong> <strong>&#8211; 120 PLN<\/strong><br><strong>zabieg <strong>zabieg akupunktury &#8222;bez igie\u0142&#8221;<\/strong><\/strong> <strong>&#8211; 150 PLN<\/strong><br><strong>zabieg akupunktury i moksoterapia \/ ba\u0144ki \/ Gua Sha<\/strong> <strong>&#8211; 150 PLN<\/strong><br><span style=\"text-decoration: underline;\"><strong>Kolejna wizyta<\/strong> <strong>zabieg z\u0142o\u017cony<\/strong><\/span> <em>(akupunktura TCM + stymulacja punkt\u00f3w na uchu\/d\u0142oni + kinesiotaping z plastrami magnetycznymi)<\/em> &#8211; 45 min. <strong>&#8211; 180 PLN<\/strong><\/p>\n\n\n\n<p><\/p>\n","protected":false},"excerpt":{"rendered":"<p>Pierwsza wizyta (60 min.): konsultacja + zabieg akupunktury &#8211; 180 PLNkonsultacja + zabieg akupunktury &#8222;bez igie\u0142&#8221; (z wykorzystaniem plastr\u00f3w z magnesami) &#8211; 210 PLNkonsultacja + &hellip;<\/p>\n","protected":false},"author":1,"featured_media":0,"parent":0,"menu_order":0,"comment_status":"closed","ping_status":"closed","template":"","meta":{"footnotes":""},"class_list":["post-136","page","type-page","status-publish","hentry"],"yoast_head":"<!-- This site is optimized with the Yoast SEO plugin v27.4 - https:\/\/yoast.com\/product\/yoast-seo-wordpress\/ -->\n<title>Cennik - Qi Balance<\/title>\n<meta name=\"robots\" content=\"index, follow, max-snippet:-1, max-image-preview:large, max-video-preview:-1\" \/>\n<link rel=\"canonical\" href=\"https:\/\/qibalance.pl\/?page_id=136\" \/>\n<meta property=\"og:locale\" content=\"pl_PL\" \/>\n<meta property=\"og:type\" content=\"article\" \/>\n<meta property=\"og:title\" content=\"Cennik - Qi Balance\" \/>\n<meta property=\"og:description\" content=\"Pierwsza wizyta (60 min.): konsultacja + zabieg akupunktury &#8211; 180 PLNkonsultacja + zabieg akupunktury &#8222;bez igie\u0142&#8221; (z wykorzystaniem plastr\u00f3w z magnesami) &#8211; 210 PLNkonsultacja + &hellip;\" \/>\n<meta property=\"og:url\" content=\"https:\/\/qibalance.pl\/?page_id=136\" \/>\n<meta property=\"og:site_name\" content=\"Qi Balance\" \/>\n<meta property=\"article:modified_time\" content=\"2026-04-02T21:39:14+00:00\" \/>\n<meta name=\"twitter:card\" content=\"summary_large_image\" \/>\n<meta name=\"twitter:label1\" content=\"Szacowany czas czytania\" \/>\n\t<meta name=\"twitter:data1\" content=\"1 minuta\" \/>\n<script type=\"application\/ld+json\" class=\"yoast-schema-graph\">{\"@context\":\"https:\\\/\\\/schema.org\",\"@graph\":[{\"@type\":\"WebPage\",\"@id\":\"https:\\\/\\\/qibalance.pl\\\/?page_id=136\",\"url\":\"https:\\\/\\\/qibalance.pl\\\/?page_id=136\",\"name\":\"Cennik - Qi Balance\",\"isPartOf\":{\"@id\":\"https:\\\/\\\/qibalance.pl\\\/#website\"},\"datePublished\":\"2026-01-28T18:09:36+00:00\",\"dateModified\":\"2026-04-02T21:39:14+00:00\",\"breadcrumb\":{\"@id\":\"https:\\\/\\\/qibalance.pl\\\/?page_id=136#breadcrumb\"},\"inLanguage\":\"pl-PL\",\"potentialAction\":[{\"@type\":\"ReadAction\",\"target\":[\"https:\\\/\\\/qibalance.pl\\\/?page_id=136\"]}]},{\"@type\":\"BreadcrumbList\",\"@id\":\"https:\\\/\\\/qibalance.pl\\\/?page_id=136#breadcrumb\",\"itemListElement\":[{\"@type\":\"ListItem\",\"position\":1,\"name\":\"Strona g\u0142\u00f3wna\",\"item\":\"https:\\\/\\\/qibalance.pl\\\/\"},{\"@type\":\"ListItem\",\"position\":2,\"name\":\"Cennik\"}]},{\"@type\":\"WebSite\",\"@id\":\"https:\\\/\\\/qibalance.pl\\\/#website\",\"url\":\"https:\\\/\\\/qibalance.pl\\\/\",\"name\":\"Qi Balance\",\"description\":\"Akupunktura w Katowicach wspieraj\u0105ca organizm w stresie, b\u00f3lu, bezsenno\u015bci i zm\u0119czeniu.\",\"publisher\":{\"@id\":\"https:\\\/\\\/qibalance.pl\\\/#organization\"},\"potentialAction\":[{\"@type\":\"SearchAction\",\"target\":{\"@type\":\"EntryPoint\",\"urlTemplate\":\"https:\\\/\\\/qibalance.pl\\\/?s={search_term_string}\"},\"query-input\":{\"@type\":\"PropertyValueSpecification\",\"valueRequired\":true,\"valueName\":\"search_term_string\"}}],\"inLanguage\":\"pl-PL\"},{\"@type\":\"Organization\",\"@id\":\"https:\\\/\\\/qibalance.pl\\\/#organization\",\"name\":\"Qi Balance\",\"url\":\"https:\\\/\\\/qibalance.pl\\\/\",\"logo\":{\"@type\":\"ImageObject\",\"inLanguage\":\"pl-PL\",\"@id\":\"https:\\\/\\\/qibalance.pl\\\/#\\\/schema\\\/logo\\\/image\\\/\",\"url\":\"https:\\\/\\\/qibalance.pl\\\/wp-content\\\/uploads\\\/2026\\\/02\\\/cropped-QiBalance-logo-zlote-1.png\",\"contentUrl\":\"https:\\\/\\\/qibalance.pl\\\/wp-content\\\/uploads\\\/2026\\\/02\\\/cropped-QiBalance-logo-zlote-1.png\",\"width\":512,\"height\":512,\"caption\":\"Qi Balance\"},\"image\":{\"@id\":\"https:\\\/\\\/qibalance.pl\\\/#\\\/schema\\\/logo\\\/image\\\/\"}}]}<\/script>\n<!-- \/ Yoast SEO plugin. -->","yoast_head_json":{"title":"Cennik - Qi Balance","robots":{"index":"index","follow":"follow","max-snippet":"max-snippet:-1","max-image-preview":"max-image-preview:large","max-video-preview":"max-video-preview:-1"},"canonical":"https:\/\/qibalance.pl\/?page_id=136","og_locale":"pl_PL","og_type":"article","og_title":"Cennik - Qi Balance","og_description":"Pierwsza wizyta (60 min.): konsultacja + zabieg akupunktury &#8211; 180 PLNkonsultacja + zabieg akupunktury &#8222;bez igie\u0142&#8221; (z wykorzystaniem plastr\u00f3w z magnesami) &#8211; 210 PLNkonsultacja + &hellip;","og_url":"https:\/\/qibalance.pl\/?page_id=136","og_site_name":"Qi Balance","article_modified_time":"2026-04-02T21:39:14+00:00","twitter_card":"summary_large_image","twitter_misc":{"Szacowany czas czytania":"1 minuta"},"schema":{"@context":"https:\/\/schema.org","@graph":[{"@type":"WebPage","@id":"https:\/\/qibalance.pl\/?page_id=136","url":"https:\/\/qibalance.pl\/?page_id=136","name":"Cennik - Qi Balance","isPartOf":{"@id":"https:\/\/qibalance.pl\/#website"},"datePublished":"2026-01-28T18:09:36+00:00","dateModified":"2026-04-02T21:39:14+00:00","breadcrumb":{"@id":"https:\/\/qibalance.pl\/?page_id=136#breadcrumb"},"inLanguage":"pl-PL","potentialAction":[{"@type":"ReadAction","target":["https:\/\/qibalance.pl\/?page_id=136"]}]},{"@type":"BreadcrumbList","@id":"https:\/\/qibalance.pl\/?page_id=136#breadcrumb","itemListElement":[{"@type":"ListItem","position":1,"name":"Strona g\u0142\u00f3wna","item":"https:\/\/qibalance.pl\/"},{"@type":"ListItem","position":2,"name":"Cennik"}]},{"@type":"WebSite","@id":"https:\/\/qibalance.pl\/#website","url":"https:\/\/qibalance.pl\/","name":"Qi Balance","description":"Akupunktura w Katowicach wspieraj\u0105ca organizm w stresie, b\u00f3lu, bezsenno\u015bci i zm\u0119czeniu.","publisher":{"@id":"https:\/\/qibalance.pl\/#organization"},"potentialAction":[{"@type":"SearchAction","target":{"@type":"EntryPoint","urlTemplate":"https:\/\/qibalance.pl\/?s={search_term_string}"},"query-input":{"@type":"PropertyValueSpecification","valueRequired":true,"valueName":"search_term_string"}}],"inLanguage":"pl-PL"},{"@type":"Organization","@id":"https:\/\/qibalance.pl\/#organization","name":"Qi Balance","url":"https:\/\/qibalance.pl\/","logo":{"@type":"ImageObject","inLanguage":"pl-PL","@id":"https:\/\/qibalance.pl\/#\/schema\/logo\/image\/","url":"https:\/\/qibalance.pl\/wp-content\/uploads\/2026\/02\/cropped-QiBalance-logo-zlote-1.png","contentUrl":"https:\/\/qibalance.pl\/wp-content\/uploads\/2026\/02\/cropped-QiBalance-logo-zlote-1.png","width":512,"height":512,"caption":"Qi Balance"},"image":{"@id":"https:\/\/qibalance.pl\/#\/schema\/logo\/image\/"}}]}},"_links":{"self":[{"href":"https:\/\/qibalance.pl\/index.php?rest_route=\/wp\/v2\/pages\/136","targetHints":{"allow":["GET"]}}],"collection":[{"href":"https:\/\/qibalance.pl\/index.php?rest_route=\/wp\/v2\/pages"}],"about":[{"href":"https:\/\/qibalance.pl\/index.php?rest_route=\/wp\/v2\/types\/page"}],"author":[{"embeddable":true,"href":"https:\/\/qibalance.pl\/index.php?rest_route=\/wp\/v2\/users\/1"}],"replies":[{"embeddable":true,"href":"https:\/\/qibalance.pl\/index.php?rest_route=%2Fwp%2Fv2%2Fcomments&post=136"}],"version-history":[{"count":8,"href":"https:\/\/qibalance.pl\/index.php?rest_route=\/wp\/v2\/pages\/136\/revisions"}],"predecessor-version":[{"id":456,"href":"https:\/\/qibalance.pl\/index.php?rest_route=\/wp\/v2\/pages\/136\/revisions\/456"}],"wp:attachment":[{"href":"https:\/\/qibalance.pl\/index.php?rest_route=%2Fwp%2Fv2%2Fmedia&parent=136"}],"curies":[{"name":"wp","href":"https:\/\/api.w.org\/{rel}","templated":true}]}}