{"id":304,"date":"2026-02-20T21:41:13","date_gmt":"2026-02-20T21:41:13","guid":{"rendered":"https:\/\/ddolega.hosting24.pl\/qibalance\/?page_id=304"},"modified":"2026-02-20T21:46:57","modified_gmt":"2026-02-20T21:46:57","slug":"skutecznosc-akupunktury-w-leczeniu-chorob-i-dolegliwosci-wg-who","status":"publish","type":"page","link":"https:\/\/qibalance.pl\/?page_id=304","title":{"rendered":"Skuteczno\u015b\u0107 akupunktury w leczeniu chor\u00f3b i dolegliwo\u015bci wg WHO"},"content":{"rendered":"\n<p>Grafika przedstawiaj\u0105ca zalecenia <a href=\"https:\/\/www.acuart.pl\/produkt\/plakat-wskazania\/\">https:\/\/www.acuart.pl\/produkt\/plakat-wskazania\/<\/a><\/p>\n\n\n\n<h2 class=\"wp-block-heading\">W oparciu o analiz\u0119 bada\u0144 klinicznych \u015awiatowa Organizacja Zdrowia (WHO) wyr\u00f3\u017cni\u0142a cztery kategorie schorze\u0144 i objaw\u00f3w, w kt\u00f3rych akupunktura mo\u017ce stanowi\u0107 form\u0119 wsparcia terapeutycznego.<\/h2>\n\n\n\n<h4 class=\"wp-block-heading\"><strong>1. kategoria<\/strong> (skuteczno\u015b\u0107 leczenia za pomoc\u0105 akupunktury zosta\u0142a potwierdzona przez badania naukowe prowadzone pod egid\u0105 WHO):<\/h4>\n\n\n\n<ol class=\"wp-block-list\">\n<li>Alergiczny nie\u017cyt nosa (w tym katar sienny)<\/li>\n\n\n\n<li>B\u00f3l kolana<\/li>\n\n\n\n<li>B\u00f3l pooperacyjny<\/li>\n\n\n\n<li>B\u00f3l szyi<\/li>\n\n\n\n<li>B\u00f3l twarzy (w tym zaburzenia czaszkowo-\u017cuchwowe)<\/li>\n\n\n\n<li>B\u00f3l w stomatologii (w tym b\u00f3l z\u0119b\u00f3w i dysfunkcja skroniowo-\u017cuchwowa)<\/li>\n\n\n\n<li>B\u00f3le krzy\u017ca<\/li>\n\n\n\n<li>B\u00f3le menstruacyjne<\/li>\n\n\n\n<li>B\u00f3\u0142 g\u0142owy<\/li>\n\n\n\n<li>Depresja (w tym nerwica depresyjna i depresja poudarowa)<\/li>\n\n\n\n<li>Epigastralgia, ostra (wrz\u00f3d trawienny, ostre i przewlek\u0142e zapalenie \u017co\u0142\u0105dka i gastrospasm),<\/li>\n\n\n\n<li>Indukcja porodu<\/li>\n\n\n\n<li>Istotne nadci\u015bnienie<\/li>\n\n\n\n<li>Kolka nerkowa<\/li>\n\n\n\n<li>Kolka \u017c\u00f3\u0142ciowa<\/li>\n\n\n\n<li>Korekta z\u0142ego u\u0142o\u017cenia p\u0142odu<\/li>\n\n\n\n<li>Leukopenia<\/li>\n\n\n\n<li>\u0141okie\u0107 tenisisty<\/li>\n\n\n\n<li>Niekorzystne reakcje na radioterapi\u0119 i \/ lub chemioterapi\u0119<\/li>\n\n\n\n<li>Nudno\u015bci i wymioty<\/li>\n\n\n\n<li>Ostra czerwonka<\/li>\n\n\n\n<li>Pierwotne niedoci\u015bnienie<\/li>\n\n\n\n<li>Poranne md\u0142o\u015bci<\/li>\n\n\n\n<li>Reumatoidalne zapalenie staw\u00f3w<\/li>\n\n\n\n<li>Rwa kulszowa<\/li>\n\n\n\n<li>Wylew<\/li>\n\n\n\n<li>Zapalenie staw\u00f3w barku<\/li>\n\n\n\n<li>Zwichni\u0119cie<\/li>\n<\/ol>\n\n\n\n<h4 class=\"wp-block-heading\"><strong>2. kategoria<\/strong> (efekt terapeutyczny akupunktury zosta\u0142 wykazany w przeprowadzonych badaniach, ale wymagane s\u0105 dalsze badania i dostarczenie wi\u0119kszej liczby dowod\u00f3w naukowych na ich poparcie):<\/h4>\n\n\n\n<ol class=\"wp-block-list\">\n<li>Astma oskrzelowa<\/li>\n\n\n\n<li>Bezsenno\u015b\u0107<\/li>\n\n\n\n<li>B\u00f3l brzucha (w ostrym zapaleniu \u017co\u0142\u0105dka i jelit lub w wyniku skurczu \u017co\u0142\u0105dkowo-jelitowego)<\/li>\n\n\n\n<li>B\u00f3l gard\u0142a (w tym zapalenie migda\u0142k\u00f3w)<\/li>\n\n\n\n<li>B\u00f3l nowotworowy<\/li>\n\n\n\n<li>B\u00f3l oka spowodowany wstrzykni\u0119ciem podspoj\u00f3wkowym<\/li>\n\n\n\n<li>B\u00f3l spowodowany badaniem endoskopowym<\/li>\n\n\n\n<li>B\u00f3l ucha<\/li>\n\n\n\n<li>B\u00f3l w zapaleniu naczy\u0144 zakrzepowych<\/li>\n\n\n\n<li>B\u00f3le porodowe<\/li>\n\n\n\n<li>Choroba M\u00e9ni\u00e8re\u2019a<\/li>\n\n\n\n<li>Choroba Salla<\/li>\n\n\n\n<li>Chroniczne zapalenie gruczo\u0142u krokowego<\/li>\n\n\n\n<li>Cukrzyca, nie zale\u017cna od insuliny<\/li>\n\n\n\n<li>Demencja naczyniowa<\/li>\n\n\n\n<li>Dnawe zapalenie staw\u00f3w<\/li>\n\n\n\n<li>Epidemialna gor\u0105czka krwotoczna<\/li>\n\n\n\n<li>Epistaksja prosta (bez uog\u00f3lnionej lub miejscowej choroby)<\/li>\n\n\n\n<li>Fibromialgia i zapalenie powi\u0119zi<\/li>\n\n\n\n<li>Hiperlipemia<\/li>\n\n\n\n<li>Hipo-jajnikowo\u015b\u0107<\/li>\n\n\n\n<li>Kamica moczowa<\/li>\n\n\n\n<li>Kamica \u017c\u00f3\u0142ciowa<\/li>\n\n\n\n<li>Kobieca niep\u0142odno\u015b\u0107<\/li>\n\n\n\n<li>Koklusz (krztusiec)<\/li>\n\n\n\n<li>Nawracaj\u0105ce dolne zaka\u017cenie dr\u00f3g moczowych<\/li>\n\n\n\n<li>Neuralgia, post-herpetic<\/li>\n\n\n\n<li>Neurodermititis<\/li>\n\n\n\n<li>Neuroza serca<\/li>\n\n\n\n<li>Niedob\u00f3r laktacji<\/li>\n\n\n\n<li>Odruchowa dystrofia wsp\u00f3\u0142czulna<\/li>\n\n\n\n<li>Ostre przewlek\u0142e zapalenie p\u0119cherzyka \u017c\u00f3\u0142ciowego<\/li>\n\n\n\n<li>Ostry b\u00f3l kr\u0119gos\u0142upa<\/li>\n\n\n\n<li>Oty\u0142o\u015b\u0107<\/li>\n\n\n\n<li>Pora\u017cenie Bella<\/li>\n\n\n\n<li>Postextubacja u dzieci<\/li>\n\n\n\n<li>P\u00f3\u0142pasiec<\/li>\n\n\n\n<li>Przewlek\u0142e wrzodziej\u0105ce zapalenie okr\u0119\u017cnicy,<\/li>\n\n\n\n<li>Rekonwalescencja pooperacyjna<\/li>\n\n\n\n<li>Schizofrenia<\/li>\n\n\n\n<li>Skurcz twarzy<\/li>\n\n\n\n<li>Status nosiciela wirusa zapalenia w\u0105troby typu B<\/li>\n\n\n\n<li>Sztywna szyja<\/li>\n\n\n\n<li>\u015awi\u0105d<\/li>\n\n\n\n<li>Tr\u0105dzik pospolity<\/li>\n\n\n\n<li>Uszkodzenie czaszkowo-m\u00f3zgowe (zamkni\u0119te)<\/li>\n\n\n\n<li>Uzale\u017cnienie od alkoholu i detoksykacja<\/li>\n\n\n\n<li>Uzale\u017cnienie od opium, kokainy i heroiny<\/li>\n\n\n\n<li>Uzale\u017cnienie od tytoniu<\/li>\n\n\n\n<li>Zaburzenia czynno\u015bci staw\u00f3w skroniowo-\u017cuchowowych<\/li>\n\n\n\n<li>Zaburzenia seksualne u m\u0119\u017cczyzn<\/li>\n\n\n\n<li>Zaburzenie gastrokinetyczne<\/li>\n\n\n\n<li>Zapalenie ko\u015bci i staw\u00f3w<\/li>\n\n\n\n<li>Zatrzymanie moczu,<\/li>\n\n\n\n<li>Zesp\u00f3\u0142 b\u00f3lu korzeniowego i pseudokorzeniowego<\/li>\n\n\n\n<li>Zesp\u00f3\u0142 cewki moczowej u kobiet<\/li>\n\n\n\n<li>Zesp\u00f3\u0142 napi\u0119cia przedmiesi\u0105czkowego<\/li>\n\n\n\n<li>Zesp\u00f3\u0142 policystycznych jajnik\u00f3w (zesp\u00f3\u0142 Stein-Leventhala)<\/li>\n\n\n\n<li>Zesp\u00f3\u0142 Raynauda (pierwotny)<\/li>\n\n\n\n<li>Zesp\u00f3\u0142 Sj\u00f6grena<\/li>\n\n\n\n<li>Zesp\u00f3\u0142 stresu konkurencyjnego<\/li>\n\n\n\n<li>Zesp\u00f3\u0142 Tietze<\/li>\n\n\n\n<li>Zesp\u00f3\u0142 Tourette\u2019a<\/li>\n<\/ol>\n\n\n\n<h4 class=\"wp-block-heading\"><strong>3. kategoria<\/strong> (stosowanie akupunktury zosta\u0142o przebadane i udokumentowane wy\u0142\u0105cznie przez pojedynczych lekarzy, niemniej jednak, ze wzgl\u0119du na trudno\u015bci w zastosowaniu terapii konwencjonalnych, dalsze badania skuteczno\u015bci akupunktury powinny by\u0107 prowadzone):<\/h4>\n\n\n\n<ol class=\"wp-block-list\">\n<li>Centralna choroidopatia surowicza<\/li>\n\n\n\n<li>Daltonizm<\/li>\n\n\n\n<li>G\u0142uchota<\/li>\n\n\n\n<li>Hipofrenia<\/li>\n\n\n\n<li>Ma\u0142a niedro\u017cno\u015b\u0107 dr\u00f3g oddechowych<\/li>\n\n\n\n<li>Neuropatyczny p\u0119cherz w urazie rdzenia kr\u0119gowego<\/li>\n\n\n\n<li>Ostuda<\/li>\n\n\n\n<li>Przewlek\u0142e serce p\u0142ucne<\/li>\n\n\n\n<li>Zesp\u00f3\u0142 jelita dra\u017cliwego<\/li>\n<\/ol>\n\n\n\n<h4 class=\"wp-block-heading\"><strong>4. kategoria<\/strong> (mo\u017cna podejmowa\u0107 pr\u00f3by zastosowania akupunktury, ale powinna ona by\u0107 przeprowadzana przez lekarza specjalist\u0119 posiadaj\u0105cego wsp\u00f3\u0142czesn\u0105 wiedz\u0119 medyczn\u0105 i aparatur\u0119 do monitorowania stanu pacjenta):<\/h4>\n\n\n\n<ol class=\"wp-block-list\">\n<li>Bezdech w przewlek\u0142ej obturacyjnej chorobie p\u0142uc<\/li>\n\n\n\n<li>Biegunka u niemowl\u0105t i ma\u0142ych dzieci<\/li>\n\n\n\n<li>Choroba niedokrwienna serca (d\u0142awica piersiowa)<\/li>\n\n\n\n<li>Drgawki u niemowl\u0105t<\/li>\n\n\n\n<li>Pora\u017cenie opuszkowe<\/li>\n\n\n\n<li>P\u00f3\u017any etap wirusowego zapalenia m\u00f3zgu u dzieci<\/li>\n\n\n\n<li>\u015api\u0105czka<\/li>\n<\/ol>\n\n\n\n<p><em><strong>BIBLIOGRAFIA:<\/strong><\/em><\/p>\n\n\n\n<ol class=\"wp-block-list\">\n<li><a href=\"https:\/\/chiro.org\/acupuncture\/FULL\/Acupuncture_WHO_2003.pdf\"><em>Acupuncture: Review and analysis of reports on controlled clinical trials<\/em>; WHO; 2002.<\/a><\/li>\n<\/ol>\n","protected":false},"excerpt":{"rendered":"<p>Grafika przedstawiaj\u0105ca zalecenia https:\/\/www.acuart.pl\/produkt\/plakat-wskazania\/ W oparciu o analiz\u0119 bada\u0144 klinicznych \u015awiatowa Organizacja Zdrowia (WHO) wyr\u00f3\u017cni\u0142a cztery kategorie schorze\u0144 i objaw\u00f3w, w kt\u00f3rych akupunktura mo\u017ce stanowi\u0107 &hellip;<\/p>\n","protected":false},"author":1,"featured_media":0,"parent":69,"menu_order":0,"comment_status":"closed","ping_status":"closed","template":"","meta":{"footnotes":""},"class_list":["post-304","page","type-page","status-publish","hentry"],"yoast_head":"<!-- This site is optimized with the Yoast SEO plugin v27.4 - https:\/\/yoast.com\/product\/yoast-seo-wordpress\/ -->\n<title>Skuteczno\u015b\u0107 akupunktury w leczeniu chor\u00f3b i dolegliwo\u015bci wg WHO - Qi Balance<\/title>\n<meta name=\"robots\" content=\"index, follow, max-snippet:-1, max-image-preview:large, max-video-preview:-1\" \/>\n<link rel=\"canonical\" href=\"https:\/\/qibalance.pl\/?page_id=304\" \/>\n<meta property=\"og:locale\" content=\"pl_PL\" \/>\n<meta property=\"og:type\" content=\"article\" \/>\n<meta property=\"og:title\" content=\"Skuteczno\u015b\u0107 akupunktury w leczeniu chor\u00f3b i dolegliwo\u015bci wg WHO - Qi Balance\" \/>\n<meta property=\"og:description\" content=\"Grafika przedstawiaj\u0105ca zalecenia https:\/\/www.acuart.pl\/produkt\/plakat-wskazania\/ W oparciu o analiz\u0119 bada\u0144 klinicznych \u015awiatowa Organizacja Zdrowia (WHO) wyr\u00f3\u017cni\u0142a cztery kategorie schorze\u0144 i objaw\u00f3w, w kt\u00f3rych akupunktura mo\u017ce stanowi\u0107 &hellip;\" \/>\n<meta property=\"og:url\" content=\"https:\/\/qibalance.pl\/?page_id=304\" \/>\n<meta property=\"og:site_name\" content=\"Qi Balance\" \/>\n<meta property=\"article:modified_time\" content=\"2026-02-20T21:46:57+00:00\" \/>\n<meta name=\"twitter:card\" content=\"summary_large_image\" \/>\n<script type=\"application\/ld+json\" class=\"yoast-schema-graph\">{\"@context\":\"https:\\\/\\\/schema.org\",\"@graph\":[{\"@type\":\"WebPage\",\"@id\":\"https:\\\/\\\/qibalance.pl\\\/?page_id=304\",\"url\":\"https:\\\/\\\/qibalance.pl\\\/?page_id=304\",\"name\":\"Skuteczno\u015b\u0107 akupunktury w leczeniu chor\u00f3b i dolegliwo\u015bci wg WHO - Qi Balance\",\"isPartOf\":{\"@id\":\"https:\\\/\\\/qibalance.pl\\\/#website\"},\"datePublished\":\"2026-02-20T21:41:13+00:00\",\"dateModified\":\"2026-02-20T21:46:57+00:00\",\"breadcrumb\":{\"@id\":\"https:\\\/\\\/qibalance.pl\\\/?page_id=304#breadcrumb\"},\"inLanguage\":\"pl-PL\",\"potentialAction\":[{\"@type\":\"ReadAction\",\"target\":[\"https:\\\/\\\/qibalance.pl\\\/?page_id=304\"]}]},{\"@type\":\"BreadcrumbList\",\"@id\":\"https:\\\/\\\/qibalance.pl\\\/?page_id=304#breadcrumb\",\"itemListElement\":[{\"@type\":\"ListItem\",\"position\":1,\"name\":\"Strona g\u0142\u00f3wna\",\"item\":\"https:\\\/\\\/qibalance.pl\\\/\"},{\"@type\":\"ListItem\",\"position\":2,\"name\":\"Oferta\",\"item\":\"https:\\\/\\\/qibalance.pl\\\/?page_id=69\"},{\"@type\":\"ListItem\",\"position\":3,\"name\":\"Skuteczno\u015b\u0107 akupunktury w leczeniu chor\u00f3b i dolegliwo\u015bci wg WHO\"}]},{\"@type\":\"WebSite\",\"@id\":\"https:\\\/\\\/qibalance.pl\\\/#website\",\"url\":\"https:\\\/\\\/qibalance.pl\\\/\",\"name\":\"Qi Balance\",\"description\":\"Akupunktura w Katowicach wspieraj\u0105ca organizm w stresie, b\u00f3lu, bezsenno\u015bci i zm\u0119czeniu.\",\"publisher\":{\"@id\":\"https:\\\/\\\/qibalance.pl\\\/#organization\"},\"potentialAction\":[{\"@type\":\"SearchAction\",\"target\":{\"@type\":\"EntryPoint\",\"urlTemplate\":\"https:\\\/\\\/qibalance.pl\\\/?s={search_term_string}\"},\"query-input\":{\"@type\":\"PropertyValueSpecification\",\"valueRequired\":true,\"valueName\":\"search_term_string\"}}],\"inLanguage\":\"pl-PL\"},{\"@type\":\"Organization\",\"@id\":\"https:\\\/\\\/qibalance.pl\\\/#organization\",\"name\":\"Qi Balance\",\"url\":\"https:\\\/\\\/qibalance.pl\\\/\",\"logo\":{\"@type\":\"ImageObject\",\"inLanguage\":\"pl-PL\",\"@id\":\"https:\\\/\\\/qibalance.pl\\\/#\\\/schema\\\/logo\\\/image\\\/\",\"url\":\"https:\\\/\\\/qibalance.pl\\\/wp-content\\\/uploads\\\/2026\\\/02\\\/cropped-QiBalance-logo-zlote-1.png\",\"contentUrl\":\"https:\\\/\\\/qibalance.pl\\\/wp-content\\\/uploads\\\/2026\\\/02\\\/cropped-QiBalance-logo-zlote-1.png\",\"width\":512,\"height\":512,\"caption\":\"Qi Balance\"},\"image\":{\"@id\":\"https:\\\/\\\/qibalance.pl\\\/#\\\/schema\\\/logo\\\/image\\\/\"}}]}<\/script>\n<!-- \/ Yoast SEO plugin. -->","yoast_head_json":{"title":"Skuteczno\u015b\u0107 akupunktury w leczeniu chor\u00f3b i dolegliwo\u015bci wg WHO - Qi Balance","robots":{"index":"index","follow":"follow","max-snippet":"max-snippet:-1","max-image-preview":"max-image-preview:large","max-video-preview":"max-video-preview:-1"},"canonical":"https:\/\/qibalance.pl\/?page_id=304","og_locale":"pl_PL","og_type":"article","og_title":"Skuteczno\u015b\u0107 akupunktury w leczeniu chor\u00f3b i dolegliwo\u015bci wg WHO - Qi Balance","og_description":"Grafika przedstawiaj\u0105ca zalecenia https:\/\/www.acuart.pl\/produkt\/plakat-wskazania\/ W oparciu o analiz\u0119 bada\u0144 klinicznych \u015awiatowa Organizacja Zdrowia (WHO) wyr\u00f3\u017cni\u0142a cztery kategorie schorze\u0144 i objaw\u00f3w, w kt\u00f3rych akupunktura mo\u017ce stanowi\u0107 &hellip;","og_url":"https:\/\/qibalance.pl\/?page_id=304","og_site_name":"Qi Balance","article_modified_time":"2026-02-20T21:46:57+00:00","twitter_card":"summary_large_image","schema":{"@context":"https:\/\/schema.org","@graph":[{"@type":"WebPage","@id":"https:\/\/qibalance.pl\/?page_id=304","url":"https:\/\/qibalance.pl\/?page_id=304","name":"Skuteczno\u015b\u0107 akupunktury w leczeniu chor\u00f3b i dolegliwo\u015bci wg WHO - Qi Balance","isPartOf":{"@id":"https:\/\/qibalance.pl\/#website"},"datePublished":"2026-02-20T21:41:13+00:00","dateModified":"2026-02-20T21:46:57+00:00","breadcrumb":{"@id":"https:\/\/qibalance.pl\/?page_id=304#breadcrumb"},"inLanguage":"pl-PL","potentialAction":[{"@type":"ReadAction","target":["https:\/\/qibalance.pl\/?page_id=304"]}]},{"@type":"BreadcrumbList","@id":"https:\/\/qibalance.pl\/?page_id=304#breadcrumb","itemListElement":[{"@type":"ListItem","position":1,"name":"Strona g\u0142\u00f3wna","item":"https:\/\/qibalance.pl\/"},{"@type":"ListItem","position":2,"name":"Oferta","item":"https:\/\/qibalance.pl\/?page_id=69"},{"@type":"ListItem","position":3,"name":"Skuteczno\u015b\u0107 akupunktury w leczeniu chor\u00f3b i dolegliwo\u015bci wg WHO"}]},{"@type":"WebSite","@id":"https:\/\/qibalance.pl\/#website","url":"https:\/\/qibalance.pl\/","name":"Qi Balance","description":"Akupunktura w Katowicach wspieraj\u0105ca organizm w stresie, b\u00f3lu, bezsenno\u015bci i zm\u0119czeniu.","publisher":{"@id":"https:\/\/qibalance.pl\/#organization"},"potentialAction":[{"@type":"SearchAction","target":{"@type":"EntryPoint","urlTemplate":"https:\/\/qibalance.pl\/?s={search_term_string}"},"query-input":{"@type":"PropertyValueSpecification","valueRequired":true,"valueName":"search_term_string"}}],"inLanguage":"pl-PL"},{"@type":"Organization","@id":"https:\/\/qibalance.pl\/#organization","name":"Qi Balance","url":"https:\/\/qibalance.pl\/","logo":{"@type":"ImageObject","inLanguage":"pl-PL","@id":"https:\/\/qibalance.pl\/#\/schema\/logo\/image\/","url":"https:\/\/qibalance.pl\/wp-content\/uploads\/2026\/02\/cropped-QiBalance-logo-zlote-1.png","contentUrl":"https:\/\/qibalance.pl\/wp-content\/uploads\/2026\/02\/cropped-QiBalance-logo-zlote-1.png","width":512,"height":512,"caption":"Qi Balance"},"image":{"@id":"https:\/\/qibalance.pl\/#\/schema\/logo\/image\/"}}]}},"_links":{"self":[{"href":"https:\/\/qibalance.pl\/index.php?rest_route=\/wp\/v2\/pages\/304","targetHints":{"allow":["GET"]}}],"collection":[{"href":"https:\/\/qibalance.pl\/index.php?rest_route=\/wp\/v2\/pages"}],"about":[{"href":"https:\/\/qibalance.pl\/index.php?rest_route=\/wp\/v2\/types\/page"}],"author":[{"embeddable":true,"href":"https:\/\/qibalance.pl\/index.php?rest_route=\/wp\/v2\/users\/1"}],"replies":[{"embeddable":true,"href":"https:\/\/qibalance.pl\/index.php?rest_route=%2Fwp%2Fv2%2Fcomments&post=304"}],"version-history":[{"count":1,"href":"https:\/\/qibalance.pl\/index.php?rest_route=\/wp\/v2\/pages\/304\/revisions"}],"predecessor-version":[{"id":305,"href":"https:\/\/qibalance.pl\/index.php?rest_route=\/wp\/v2\/pages\/304\/revisions\/305"}],"up":[{"embeddable":true,"href":"https:\/\/qibalance.pl\/index.php?rest_route=\/wp\/v2\/pages\/69"}],"wp:attachment":[{"href":"https:\/\/qibalance.pl\/index.php?rest_route=%2Fwp%2Fv2%2Fmedia&parent=304"}],"curies":[{"name":"wp","href":"https:\/\/api.w.org\/{rel}","templated":true}]}}