{"id":69,"date":"2026-01-27T21:41:27","date_gmt":"2026-01-27T21:41:27","guid":{"rendered":"https:\/\/ddolega.hosting24.pl\/qibalance\/?page_id=69"},"modified":"2026-03-16T21:06:56","modified_gmt":"2026-03-16T21:06:56","slug":"akupunktura-katowice","status":"publish","type":"page","link":"https:\/\/qibalance.pl\/?page_id=69","title":{"rendered":"Oferta"},"content":{"rendered":"\n<h2 class=\"wp-block-heading\">W czym mog\u0119 Ci towarzyszy\u0107?<\/h2>\n\n\n\n<p><strong>Akupunktura w Katowicach dla os\u00f3b \u017cyj\u0105cych w napi\u0119ciu, stresie i przeci\u0105\u017ceniu<\/strong><br>Pomagam osobom zmagaj\u0105cym si\u0119 z napi\u0119ciem, b\u00f3lem, trudno\u015bciami ze snem, zm\u0119czeniem i dolegliwo\u015bciami trawiennymi odzyska\u0107 wi\u0119kszy komfort i r\u00f3wnowag\u0119.<br>Pracuj\u0119 spokojnie, indywidualnie i z du\u017c\u0105 uwa\u017cno\u015bci\u0105 na bezpiecze\u0144stwo.<br><strong>Um\u00f3w pierwsz\u0105 wizyt\u0119 \/ skontaktuj si\u0119, je\u015bli chcesz zapyta\u0107, czy ta forma terapii b\u0119dzie dla Ciebie odpowiednia &#8211;  tel. 530 688 548<\/strong><\/p>\n\n\n\n<p>Najcz\u0119\u015bciej pomagam osobom do\u015bwiadczaj\u0105cym:<\/p>\n\n\n\n<p><strong><mark style=\"background-color:rgba(0, 0, 0, 0)\" class=\"has-inline-color has-headings-color\">Napi\u0119cia i przeci\u0105\u017cenia<\/mark><\/strong><br>\u2013 przewlek\u0142y stres<br>\u2013 trudno\u015bci ze snem, bezsenno\u015b\u0107<br>\u2013 uczucie nadmiernego napi\u0119cia<\/p>\n\n\n\n<p><strong><mark style=\"background-color:rgba(0, 0, 0, 0)\" class=\"has-inline-color has-headings-color\">Dolegliwo\u015bci b\u00f3lowych o charakterze napi\u0119ciowym<\/mark><\/strong><br>\u2013 b\u00f3le g\u0142owy<br>\u2013 napi\u0119cie karku i bark\u00f3w<br>\u2013 b\u00f3le plec\u00f3w<br>\u2013 b\u00f3le po urazach i kontuzjach (tak\u017ce sportowych)<\/p>\n\n\n\n<p><strong><mark style=\"background-color:rgba(0, 0, 0, 0)\" class=\"has-inline-color has-headings-color\">Dyskomfortu ze strony uk\u0142adu pokarmowego<\/mark><\/strong><br>\u2013 wzd\u0119cia<br>\u2013 uczucie ci\u0119\u017cko\u015bci po jedzeniu<\/p>\n\n\n\n<p><strong><mark style=\"background-color:rgba(0, 0, 0, 0)\" class=\"has-inline-color has-headings-color\">Zaburze\u0144 r\u00f3wnowagi cyklu<\/mark><\/strong><br>\u2013 bolesne miesi\u0105czki<br>\u2013 nieregularny cykl<\/p>\n\n\n\n<p><strong><mark style=\"background-color:rgba(0, 0, 0, 0)\" class=\"has-inline-color has-headings-color\">Obni\u017conej energii<\/mark><\/strong><br>\u2013 przewlek\u0142e zm\u0119czenie<br>\u2013 poczucie wyczerpania<\/p>\n\n\n\n<p>Pe\u0142ny zakres zastosowa\u0144 akupunktury jest szeroki i zosta\u0142 opisany m.in. w <a href=\"https:\/\/chiro.org\/acupuncture\/FULL\/Acupuncture_WHO_2003.pdf\">raporcie \u015awiatowej Organizacji Zdrowia (WHO)<\/a>. <br><br>Je\u015bli nie masz pewno\u015bci, czy akupunktura b\u0119dzie odpowiednia w Twojej sytuacji \u2014 mo\u017cesz skonsultowa\u0107 si\u0119 ze mn\u0105 przed um\u00f3wieniem wizyty &#8211; tel. 530 688 548.<\/p>\n\n\n\n<p>Akupunktura nie zast\u0119puje konsultacji lekarskiej ani prowadzonego leczenia, mo\u017ce natomiast stanowi\u0107 jego uzupe\u0142nienie.<\/p>\n\n\n\n<hr class=\"wp-block-separator has-alpha-channel-opacity\"\/>\n\n\n\n<h2 class=\"wp-block-heading\">Stosowane metody<\/h2>\n\n\n\n<p>W gabinecie <em>Qi Balance<\/em> pracuj\u0119 w oparciu o zasady Tradycyjnej Medycyny Chi\u0144skiej, dobieraj\u0105c techniki indywidualnie:<\/p>\n\n\n\n<div class=\"wp-block-group is-nowrap is-layout-flex wp-container-core-group-is-layout-ad2f72ca wp-block-group-is-layout-flex\">\n<figure class=\"wp-block-image size-large is-resized\"><img loading=\"lazy\" decoding=\"async\" width=\"1024\" height=\"683\" src=\"https:\/\/ddolega.hosting24.pl\/qibalance\/wp-content\/uploads\/2026\/02\/akupunktura-1024x683.png\" alt=\"\" class=\"wp-image-298\" style=\"aspect-ratio:1.4992793575987737;width:154px;height:auto\" srcset=\"https:\/\/qibalance.pl\/wp-content\/uploads\/2026\/02\/akupunktura-1024x683.png 1024w, https:\/\/qibalance.pl\/wp-content\/uploads\/2026\/02\/akupunktura-300x200.png 300w, https:\/\/qibalance.pl\/wp-content\/uploads\/2026\/02\/akupunktura-768x512.png 768w, https:\/\/qibalance.pl\/wp-content\/uploads\/2026\/02\/akupunktura-448x300.png 448w, https:\/\/qibalance.pl\/wp-content\/uploads\/2026\/02\/akupunktura.png 1536w\" sizes=\"auto, (max-width: 1024px) 100vw, 1024px\" \/><\/figure>\n\n\n\n<h3 class=\"wp-block-heading\">Akupunktura<\/h3>\n<\/div>\n\n\n\n<p>Precyzyjna praca z wybranymi punktami cia\u0142a przy u\u017cyciu bardzo cienkich, sterylnych igie\u0142.<\/p>\n\n\n\n<p>Obawiasz si\u0119 igie\u0142? Spr\u00f3buj zabiegu z wykorzystaniem japo\u0144skich plastr\u00f3w z magnesami.<\/p>\n\n\n\n<div class=\"wp-block-group is-nowrap is-layout-flex wp-container-core-group-is-layout-ad2f72ca wp-block-group-is-layout-flex\">\n<figure class=\"wp-block-image size-large is-resized\"><img loading=\"lazy\" decoding=\"async\" width=\"1024\" height=\"683\" src=\"https:\/\/ddolega.hosting24.pl\/qibalance\/wp-content\/uploads\/2026\/02\/moxa-1024x683.png\" alt=\"\" class=\"wp-image-300\" style=\"aspect-ratio:1.4992793575987737;width:171px;height:auto\" srcset=\"https:\/\/qibalance.pl\/wp-content\/uploads\/2026\/02\/moxa-1024x683.png 1024w, https:\/\/qibalance.pl\/wp-content\/uploads\/2026\/02\/moxa-300x200.png 300w, https:\/\/qibalance.pl\/wp-content\/uploads\/2026\/02\/moxa-768x512.png 768w, https:\/\/qibalance.pl\/wp-content\/uploads\/2026\/02\/moxa-448x300.png 448w, https:\/\/qibalance.pl\/wp-content\/uploads\/2026\/02\/moxa.png 1536w\" sizes=\"auto, (max-width: 1024px) 100vw, 1024px\" \/><\/figure>\n\n\n\n<h3 class=\"wp-block-heading\"> Moksoterapia<\/h3>\n<\/div>\n\n\n\n<p>Metoda polegaj\u0105ca na terapeutycznym ogrzewaniu wybranych punkt\u00f3w akupunkturowych przy u\u017cyciu suszonej bylicy (moxy). W praktyce stosuj\u0119 moksy w formie cygara (precyzyjne, punktowe oddzia\u0142ywanie) oraz inne techniki dostosowane do potrzeb organizmu.<\/p>\n\n\n\n<p>Dzia\u0142anie zabiegu opiera si\u0119 na \u0142agodnym, g\u0142\u0119bokim cieple, kt\u00f3re wspiera kr\u0105\u017cenie, wzmacnia naturalne procesy regeneracyjne oraz pomaga przywraca\u0107 r\u00f3wnowag\u0119 energetyczn\u0105.<\/p>\n\n\n\n<p>Moksoterapia jest szczeg\u00f3lnie pomocna przy uczuciu ch\u0142odu, os\u0142abieniu, przewlek\u0142ym zm\u0119czeniu oraz w stanach obni\u017conej energii. Delikatne ogrzewanie sprzyja poczuciu stabilno\u015bci, witalno\u015bci i wewn\u0119trznego ciep\u0142a.<\/p>\n\n\n\n<div class=\"wp-block-group is-nowrap is-layout-flex wp-container-core-group-is-layout-ad2f72ca wp-block-group-is-layout-flex\">\n<figure class=\"wp-block-image size-large is-resized\"><img loading=\"lazy\" decoding=\"async\" width=\"1024\" height=\"683\" src=\"https:\/\/ddolega.hosting24.pl\/qibalance\/wp-content\/uploads\/2026\/02\/GuaSha-1024x683.png\" alt=\"\" class=\"wp-image-301\" style=\"aspect-ratio:1.4992793575987737;width:165px;height:auto\" srcset=\"https:\/\/qibalance.pl\/wp-content\/uploads\/2026\/02\/GuaSha-1024x683.png 1024w, https:\/\/qibalance.pl\/wp-content\/uploads\/2026\/02\/GuaSha-300x200.png 300w, https:\/\/qibalance.pl\/wp-content\/uploads\/2026\/02\/GuaSha-768x512.png 768w, https:\/\/qibalance.pl\/wp-content\/uploads\/2026\/02\/GuaSha-448x300.png 448w, https:\/\/qibalance.pl\/wp-content\/uploads\/2026\/02\/GuaSha.png 1536w\" sizes=\"auto, (max-width: 1024px) 100vw, 1024px\" \/><\/figure>\n\n\n\n<h3 class=\"wp-block-heading\"> Masa\u017c Gua Sha<\/h3>\n<\/div>\n\n\n\n<p>Gua Sha to technika terapeutycznej pracy z tkankami, wykorzystuj\u0105ca specjalne p\u0142ytki do oddzia\u0142ywania na mi\u0119\u015bnie i powi\u0119\u017a. Delikatne, kontrolowane ruchy pomagaj\u0105 rozlu\u017ani\u0107 napi\u0119cia, poprawi\u0107 mikrokr\u0105\u017cenie oraz usprawni\u0107 przep\u0142yw w tkankach, wspieraj\u0105c naturalne procesy regeneracyjne organizmu.<\/p>\n\n\n\n<div class=\"wp-block-group is-nowrap is-layout-flex wp-container-core-group-is-layout-ad2f72ca wp-block-group-is-layout-flex\">\n<figure class=\"wp-block-image size-large is-resized\"><img loading=\"lazy\" decoding=\"async\" width=\"1024\" height=\"683\" src=\"https:\/\/ddolega.hosting24.pl\/qibalance\/wp-content\/uploads\/2026\/02\/banki-1024x683.png\" alt=\"\" class=\"wp-image-302\" style=\"aspect-ratio:1.4992793575987737;width:187px;height:auto\" srcset=\"https:\/\/qibalance.pl\/wp-content\/uploads\/2026\/02\/banki-1024x683.png 1024w, https:\/\/qibalance.pl\/wp-content\/uploads\/2026\/02\/banki-300x200.png 300w, https:\/\/qibalance.pl\/wp-content\/uploads\/2026\/02\/banki-768x512.png 768w, https:\/\/qibalance.pl\/wp-content\/uploads\/2026\/02\/banki-448x300.png 448w, https:\/\/qibalance.pl\/wp-content\/uploads\/2026\/02\/banki.png 1536w\" sizes=\"auto, (max-width: 1024px) 100vw, 1024px\" \/><\/figure>\n\n\n\n<h3 class=\"wp-block-heading\">Terapia ba\u0144kami<\/h3>\n<\/div>\n\n\n\n<p>Terapia ba\u0144kami to metoda pracy z cia\u0142em oparta na wytworzeniu kontrolowanego podci\u015bnienia na powierzchni sk\u00f3ry. Dzia\u0142anie to wspiera popraw\u0119 kr\u0105\u017cenia, rozlu\u017anienie tkanek oraz usprawnienie naturalnych proces\u00f3w regeneracyjnych organizmu.<\/p>\n","protected":false},"excerpt":{"rendered":"<p>W czym mog\u0119 Ci towarzyszy\u0107? Akupunktura w Katowicach dla os\u00f3b \u017cyj\u0105cych w napi\u0119ciu, stresie i przeci\u0105\u017ceniuPomagam osobom zmagaj\u0105cym si\u0119 z napi\u0119ciem, b\u00f3lem, trudno\u015bciami ze snem, &hellip;<\/p>\n","protected":false},"author":1,"featured_media":0,"parent":0,"menu_order":0,"comment_status":"closed","ping_status":"closed","template":"","meta":{"footnotes":""},"class_list":["post-69","page","type-page","status-publish","hentry"],"yoast_head":"<!-- This site is optimized with the Yoast SEO plugin v27.4 - https:\/\/yoast.com\/product\/yoast-seo-wordpress\/ -->\n<title>Oferta - Qi Balance<\/title>\n<meta name=\"description\" content=\"Akupunktura Katowice \u2013 naturalna pomoc na stres, napi\u0119cie, b\u00f3l, bezsenno\u015b\u0107 i problemy trawienne. Spokojna, indywidualna terapia. Qi Balance - tel. 530 688 548\" \/>\n<meta name=\"robots\" content=\"index, follow, max-snippet:-1, max-image-preview:large, max-video-preview:-1\" \/>\n<link rel=\"canonical\" href=\"https:\/\/qibalance.pl\/?page_id=69\" \/>\n<meta property=\"og:locale\" content=\"pl_PL\" \/>\n<meta property=\"og:type\" content=\"article\" \/>\n<meta property=\"og:title\" content=\"Akupunktura Katowice\" \/>\n<meta property=\"og:description\" content=\"Akupunktura w Katowicach dla os\u00f3b \u017cyj\u0105cych w napi\u0119ciu, stresie i przeci\u0105\u017ceniu. Pomagam osobom zmagaj\u0105cym si\u0119 z napi\u0119ciem, b\u00f3lem, trudno\u015bciami ze snem, zm\u0119czeniem i dolegliwo\u015bciami trawiennymi odzyska\u0107 wi\u0119kszy komfort i r\u00f3wnowag\u0119. Pracuj\u0119 spokojnie, indywidualnie i z du\u017c\u0105 uwa\u017cno\u015bci\u0105 na bezpiecze\u0144stwo. Um\u00f3w pierwsz\u0105 wizyt\u0119 \/ skontaktuj si\u0119, je\u015bli chcesz zapyta\u0107, czy ta forma terapii b\u0119dzie dla Ciebie odpowiednia - tel. 530 688 548, mail: kontakt@qibalance.pl .\" \/>\n<meta property=\"og:url\" content=\"https:\/\/qibalance.pl\/?page_id=69\" \/>\n<meta property=\"og:site_name\" content=\"Qi Balance\" \/>\n<meta property=\"article:modified_time\" content=\"2026-03-16T21:06:56+00:00\" \/>\n<meta property=\"og:image\" content=\"https:\/\/qibalance.pl\/wp-content\/uploads\/2026\/02\/cropped-QiBalance-logo-zlote-1.png\" \/>\n\t<meta property=\"og:image:width\" content=\"512\" \/>\n\t<meta property=\"og:image:height\" content=\"512\" \/>\n\t<meta property=\"og:image:type\" content=\"image\/png\" \/>\n<meta name=\"twitter:card\" content=\"summary_large_image\" \/>\n<meta name=\"twitter:label1\" content=\"Szacowany czas czytania\" \/>\n\t<meta name=\"twitter:data1\" content=\"3 minuty\" \/>\n<script type=\"application\/ld+json\" class=\"yoast-schema-graph\">{\"@context\":\"https:\\\/\\\/schema.org\",\"@graph\":[{\"@type\":\"WebPage\",\"@id\":\"https:\\\/\\\/qibalance.pl\\\/?page_id=69\",\"url\":\"https:\\\/\\\/qibalance.pl\\\/?page_id=69\",\"name\":\"Oferta - Qi Balance\",\"isPartOf\":{\"@id\":\"https:\\\/\\\/qibalance.pl\\\/#website\"},\"primaryImageOfPage\":{\"@id\":\"https:\\\/\\\/qibalance.pl\\\/?page_id=69#primaryimage\"},\"image\":{\"@id\":\"https:\\\/\\\/qibalance.pl\\\/?page_id=69#primaryimage\"},\"thumbnailUrl\":\"https:\\\/\\\/ddolega.hosting24.pl\\\/qibalance\\\/wp-content\\\/uploads\\\/2026\\\/02\\\/akupunktura-1024x683.png\",\"datePublished\":\"2026-01-27T21:41:27+00:00\",\"dateModified\":\"2026-03-16T21:06:56+00:00\",\"description\":\"Akupunktura Katowice \u2013 naturalna pomoc na stres, napi\u0119cie, b\u00f3l, bezsenno\u015b\u0107 i problemy trawienne. Spokojna, indywidualna terapia. Qi Balance - tel. 530 688 548\",\"breadcrumb\":{\"@id\":\"https:\\\/\\\/qibalance.pl\\\/?page_id=69#breadcrumb\"},\"inLanguage\":\"pl-PL\",\"potentialAction\":[{\"@type\":\"ReadAction\",\"target\":[\"https:\\\/\\\/qibalance.pl\\\/?page_id=69\"]}]},{\"@type\":\"ImageObject\",\"inLanguage\":\"pl-PL\",\"@id\":\"https:\\\/\\\/qibalance.pl\\\/?page_id=69#primaryimage\",\"url\":\"https:\\\/\\\/ddolega.hosting24.pl\\\/qibalance\\\/wp-content\\\/uploads\\\/2026\\\/02\\\/akupunktura-1024x683.png\",\"contentUrl\":\"https:\\\/\\\/ddolega.hosting24.pl\\\/qibalance\\\/wp-content\\\/uploads\\\/2026\\\/02\\\/akupunktura-1024x683.png\"},{\"@type\":\"BreadcrumbList\",\"@id\":\"https:\\\/\\\/qibalance.pl\\\/?page_id=69#breadcrumb\",\"itemListElement\":[{\"@type\":\"ListItem\",\"position\":1,\"name\":\"Strona g\u0142\u00f3wna\",\"item\":\"https:\\\/\\\/qibalance.pl\\\/\"},{\"@type\":\"ListItem\",\"position\":2,\"name\":\"Oferta\"}]},{\"@type\":\"WebSite\",\"@id\":\"https:\\\/\\\/qibalance.pl\\\/#website\",\"url\":\"https:\\\/\\\/qibalance.pl\\\/\",\"name\":\"Qi Balance\",\"description\":\"Akupunktura w Katowicach wspieraj\u0105ca organizm w stresie, b\u00f3lu, bezsenno\u015bci i zm\u0119czeniu.\",\"publisher\":{\"@id\":\"https:\\\/\\\/qibalance.pl\\\/#organization\"},\"potentialAction\":[{\"@type\":\"SearchAction\",\"target\":{\"@type\":\"EntryPoint\",\"urlTemplate\":\"https:\\\/\\\/qibalance.pl\\\/?s={search_term_string}\"},\"query-input\":{\"@type\":\"PropertyValueSpecification\",\"valueRequired\":true,\"valueName\":\"search_term_string\"}}],\"inLanguage\":\"pl-PL\"},{\"@type\":\"Organization\",\"@id\":\"https:\\\/\\\/qibalance.pl\\\/#organization\",\"name\":\"Qi Balance\",\"url\":\"https:\\\/\\\/qibalance.pl\\\/\",\"logo\":{\"@type\":\"ImageObject\",\"inLanguage\":\"pl-PL\",\"@id\":\"https:\\\/\\\/qibalance.pl\\\/#\\\/schema\\\/logo\\\/image\\\/\",\"url\":\"https:\\\/\\\/qibalance.pl\\\/wp-content\\\/uploads\\\/2026\\\/02\\\/cropped-QiBalance-logo-zlote-1.png\",\"contentUrl\":\"https:\\\/\\\/qibalance.pl\\\/wp-content\\\/uploads\\\/2026\\\/02\\\/cropped-QiBalance-logo-zlote-1.png\",\"width\":512,\"height\":512,\"caption\":\"Qi Balance\"},\"image\":{\"@id\":\"https:\\\/\\\/qibalance.pl\\\/#\\\/schema\\\/logo\\\/image\\\/\"}}]}<\/script>\n<!-- \/ Yoast SEO plugin. -->","yoast_head_json":{"title":"Oferta - Qi Balance","description":"Akupunktura Katowice \u2013 naturalna pomoc na stres, napi\u0119cie, b\u00f3l, bezsenno\u015b\u0107 i problemy trawienne. Spokojna, indywidualna terapia. Qi Balance - tel. 530 688 548","robots":{"index":"index","follow":"follow","max-snippet":"max-snippet:-1","max-image-preview":"max-image-preview:large","max-video-preview":"max-video-preview:-1"},"canonical":"https:\/\/qibalance.pl\/?page_id=69","og_locale":"pl_PL","og_type":"article","og_title":"Akupunktura Katowice","og_description":"Akupunktura w Katowicach dla os\u00f3b \u017cyj\u0105cych w napi\u0119ciu, stresie i przeci\u0105\u017ceniu. Pomagam osobom zmagaj\u0105cym si\u0119 z napi\u0119ciem, b\u00f3lem, trudno\u015bciami ze snem, zm\u0119czeniem i dolegliwo\u015bciami trawiennymi odzyska\u0107 wi\u0119kszy komfort i r\u00f3wnowag\u0119. Pracuj\u0119 spokojnie, indywidualnie i z du\u017c\u0105 uwa\u017cno\u015bci\u0105 na bezpiecze\u0144stwo. Um\u00f3w pierwsz\u0105 wizyt\u0119 \/ skontaktuj si\u0119, je\u015bli chcesz zapyta\u0107, czy ta forma terapii b\u0119dzie dla Ciebie odpowiednia - tel. 530 688 548, mail: kontakt@qibalance.pl .","og_url":"https:\/\/qibalance.pl\/?page_id=69","og_site_name":"Qi Balance","article_modified_time":"2026-03-16T21:06:56+00:00","og_image":[{"width":512,"height":512,"url":"https:\/\/qibalance.pl\/wp-content\/uploads\/2026\/02\/cropped-QiBalance-logo-zlote-1.png","type":"image\/png"}],"twitter_card":"summary_large_image","twitter_misc":{"Szacowany czas czytania":"3 minuty"},"schema":{"@context":"https:\/\/schema.org","@graph":[{"@type":"WebPage","@id":"https:\/\/qibalance.pl\/?page_id=69","url":"https:\/\/qibalance.pl\/?page_id=69","name":"Oferta - Qi Balance","isPartOf":{"@id":"https:\/\/qibalance.pl\/#website"},"primaryImageOfPage":{"@id":"https:\/\/qibalance.pl\/?page_id=69#primaryimage"},"image":{"@id":"https:\/\/qibalance.pl\/?page_id=69#primaryimage"},"thumbnailUrl":"https:\/\/ddolega.hosting24.pl\/qibalance\/wp-content\/uploads\/2026\/02\/akupunktura-1024x683.png","datePublished":"2026-01-27T21:41:27+00:00","dateModified":"2026-03-16T21:06:56+00:00","description":"Akupunktura Katowice \u2013 naturalna pomoc na stres, napi\u0119cie, b\u00f3l, bezsenno\u015b\u0107 i problemy trawienne. Spokojna, indywidualna terapia. Qi Balance - tel. 530 688 548","breadcrumb":{"@id":"https:\/\/qibalance.pl\/?page_id=69#breadcrumb"},"inLanguage":"pl-PL","potentialAction":[{"@type":"ReadAction","target":["https:\/\/qibalance.pl\/?page_id=69"]}]},{"@type":"ImageObject","inLanguage":"pl-PL","@id":"https:\/\/qibalance.pl\/?page_id=69#primaryimage","url":"https:\/\/ddolega.hosting24.pl\/qibalance\/wp-content\/uploads\/2026\/02\/akupunktura-1024x683.png","contentUrl":"https:\/\/ddolega.hosting24.pl\/qibalance\/wp-content\/uploads\/2026\/02\/akupunktura-1024x683.png"},{"@type":"BreadcrumbList","@id":"https:\/\/qibalance.pl\/?page_id=69#breadcrumb","itemListElement":[{"@type":"ListItem","position":1,"name":"Strona g\u0142\u00f3wna","item":"https:\/\/qibalance.pl\/"},{"@type":"ListItem","position":2,"name":"Oferta"}]},{"@type":"WebSite","@id":"https:\/\/qibalance.pl\/#website","url":"https:\/\/qibalance.pl\/","name":"Qi Balance","description":"Akupunktura w Katowicach wspieraj\u0105ca organizm w stresie, b\u00f3lu, bezsenno\u015bci i zm\u0119czeniu.","publisher":{"@id":"https:\/\/qibalance.pl\/#organization"},"potentialAction":[{"@type":"SearchAction","target":{"@type":"EntryPoint","urlTemplate":"https:\/\/qibalance.pl\/?s={search_term_string}"},"query-input":{"@type":"PropertyValueSpecification","valueRequired":true,"valueName":"search_term_string"}}],"inLanguage":"pl-PL"},{"@type":"Organization","@id":"https:\/\/qibalance.pl\/#organization","name":"Qi Balance","url":"https:\/\/qibalance.pl\/","logo":{"@type":"ImageObject","inLanguage":"pl-PL","@id":"https:\/\/qibalance.pl\/#\/schema\/logo\/image\/","url":"https:\/\/qibalance.pl\/wp-content\/uploads\/2026\/02\/cropped-QiBalance-logo-zlote-1.png","contentUrl":"https:\/\/qibalance.pl\/wp-content\/uploads\/2026\/02\/cropped-QiBalance-logo-zlote-1.png","width":512,"height":512,"caption":"Qi Balance"},"image":{"@id":"https:\/\/qibalance.pl\/#\/schema\/logo\/image\/"}}]}},"_links":{"self":[{"href":"https:\/\/qibalance.pl\/index.php?rest_route=\/wp\/v2\/pages\/69","targetHints":{"allow":["GET"]}}],"collection":[{"href":"https:\/\/qibalance.pl\/index.php?rest_route=\/wp\/v2\/pages"}],"about":[{"href":"https:\/\/qibalance.pl\/index.php?rest_route=\/wp\/v2\/types\/page"}],"author":[{"embeddable":true,"href":"https:\/\/qibalance.pl\/index.php?rest_route=\/wp\/v2\/users\/1"}],"replies":[{"embeddable":true,"href":"https:\/\/qibalance.pl\/index.php?rest_route=%2Fwp%2Fv2%2Fcomments&post=69"}],"version-history":[{"count":13,"href":"https:\/\/qibalance.pl\/index.php?rest_route=\/wp\/v2\/pages\/69\/revisions"}],"predecessor-version":[{"id":417,"href":"https:\/\/qibalance.pl\/index.php?rest_route=\/wp\/v2\/pages\/69\/revisions\/417"}],"wp:attachment":[{"href":"https:\/\/qibalance.pl\/index.php?rest_route=%2Fwp%2Fv2%2Fmedia&parent=69"}],"curies":[{"name":"wp","href":"https:\/\/api.w.org\/{rel}","templated":true}]}}