{"id":71,"date":"2026-01-27T21:41:27","date_gmt":"2026-01-27T21:41:27","guid":{"rendered":"https:\/\/ddolega.hosting24.pl\/qibalance\/?page_id=71"},"modified":"2026-03-16T22:20:00","modified_gmt":"2026-03-16T22:20:00","slug":"kontakt","status":"publish","type":"page","link":"https:\/\/qibalance.pl\/?page_id=71","title":{"rendered":"Kontakt"},"content":{"rendered":"\n<p>Dr n. tech. in\u017c. Dagmara Do\u0142\u0119ga<\/p>\n\n\n\n<div class=\"wp-block-group is-nowrap is-layout-flex wp-container-core-group-is-layout-ad2f72ca wp-block-group-is-layout-flex\">\n<figure class=\"wp-block-image size-full is-resized\"><img loading=\"lazy\" decoding=\"async\" width=\"325\" height=\"273\" src=\"https:\/\/ddolega.hosting24.pl\/qibalance\/wp-content\/uploads\/2026\/02\/kontakt-telefon.png\" alt=\"\" class=\"wp-image-284\" style=\"aspect-ratio:1.1904870928968003;width:69px;height:auto\" srcset=\"https:\/\/qibalance.pl\/wp-content\/uploads\/2026\/02\/kontakt-telefon.png 325w, https:\/\/qibalance.pl\/wp-content\/uploads\/2026\/02\/kontakt-telefon-300x252.png 300w\" sizes=\"auto, (max-width: 325px) 100vw, 325px\" \/><\/figure>\n\n\n\n<p>tel. 530 688 548<\/p>\n<\/div>\n\n\n\n<hr class=\"wp-block-separator has-alpha-channel-opacity is-style-wide\"\/>\n\n\n\n<div class=\"wp-block-group is-nowrap is-layout-flex wp-container-core-group-is-layout-9123dee2 wp-block-group-is-layout-flex\">\n<figure class=\"wp-block-image size-full is-resized\"><img loading=\"lazy\" decoding=\"async\" width=\"326\" height=\"206\" src=\"https:\/\/ddolega.hosting24.pl\/qibalance\/wp-content\/uploads\/2026\/02\/kontakt-email.png\" alt=\"\" class=\"wp-image-286\" style=\"aspect-ratio:1.582568459379504;width:74px;height:auto\" srcset=\"https:\/\/qibalance.pl\/wp-content\/uploads\/2026\/02\/kontakt-email.png 326w, https:\/\/qibalance.pl\/wp-content\/uploads\/2026\/02\/kontakt-email-300x190.png 300w\" sizes=\"auto, (max-width: 326px) 100vw, 326px\" \/><\/figure>\n\n\n\n<p>kontakt@qibalance.pl<\/p>\n<\/div>\n\n\n\n<hr class=\"wp-block-separator has-alpha-channel-opacity is-style-wide\"\/>\n\n\n\n<div class=\"wp-block-group is-nowrap is-layout-flex wp-container-core-group-is-layout-ad2f72ca wp-block-group-is-layout-flex\">\n<figure class=\"wp-block-image size-full is-resized\"><img loading=\"lazy\" decoding=\"async\" width=\"219\" height=\"273\" src=\"https:\/\/ddolega.hosting24.pl\/qibalance\/wp-content\/uploads\/2026\/02\/kontakt-lokalizacja.png\" alt=\"\" class=\"wp-image-287\" style=\"aspect-ratio:0.8021864804533226;width:60px;height:auto\"\/><\/figure>\n\n\n\n<p><strong>Przyjmuj\u0119 w gabinetach partnerskich w Katowicach<\/strong> &#8211; <strong>po wcze\u015bniejszym um\u00f3wieniu:<\/strong><br>\u2022 PONIEDZIA\u0141EK: <br><a href=\"https:\/\/qibalance.pl\/wp-content\/uploads\/2026\/03\/lokalizacja-Gwiazdy-scaled.png\">Katowice Centrum \u2013 ul. Ro\u017adzie\u0144skiego 88A<\/a>   &#8211;   (<a href=\"https:\/\/www.google.com\/maps\/place\/al.+Walentego+Ro%C5%BAdzie%C5%84skiego+88A,+40-203+Katowice\/@50.2602266,19.0367417,105m\/data=!3m2!1e3!4b1!4m6!3m5!1s0x4716cfcb4c4c0841:0xd82f96d8f972186d!8m2!3d50.2602257!4d19.0373854!16s%2Fg%2F11xynxncnc?entry=ttu&amp;g_ep=EgoyMDI2MDMxMS4wIKXMDSoASAFQAw%3D%3D\">mapa dojazdu<\/a>)<br>\u2022 \u015aRODA: <br><a href=\"https:\/\/qibalance.pl\/wp-content\/uploads\/2026\/03\/lokalizacja-Nikiszowiec.png\">Katowice Nikiszowiec \u2013 ul. Gospodarcza 56<\/a>    &#8211;   (<a href=\"https:\/\/www.google.com\/maps\/place\/Gospodarcza+56,+40-432+Katowice\/@50.2470316,19.0563645,1688m\/data=!3m2!1e3!4b1!4m6!3m5!1s0x4716cf04e9c088e3:0x627372ef2bcc1194!8m2!3d50.2470193!4d19.0748185!16s%2Fg%2F11p61l22sk?entry=ttu&amp;g_ep=EgoyMDI2MDMxMS4wIKXMDSoASAFQAw%3D%3D\">mapa dojazdu<\/a>)<\/p>\n<\/div>\n\n\n\n<ul class=\"wp-block-social-links is-layout-flex wp-block-social-links-is-layout-flex\"><li class=\"wp-social-link wp-social-link-whatsapp  wp-block-social-link\"><a href=\"https:\/\/wa.me\/48530688548\" class=\"wp-block-social-link-anchor\"><svg width=\"24\" height=\"24\" viewBox=\"0 0 24 24\" version=\"1.1\" xmlns=\"http:\/\/www.w3.org\/2000\/svg\" aria-hidden=\"true\" focusable=\"false\"><path d=\"M 12.011719 2 C 6.5057187 2 2.0234844 6.478375 2.0214844 11.984375 C 2.0204844 13.744375 2.4814687 15.462563 3.3554688 16.976562 L 2 22 L 7.2324219 20.763672 C 8.6914219 21.559672 10.333859 21.977516 12.005859 21.978516 L 12.009766 21.978516 C 17.514766 21.978516 21.995047 17.499141 21.998047 11.994141 C 22.000047 9.3251406 20.962172 6.8157344 19.076172 4.9277344 C 17.190172 3.0407344 14.683719 2.001 12.011719 2 z M 12.009766 4 C 14.145766 4.001 16.153109 4.8337969 17.662109 6.3417969 C 19.171109 7.8517969 20.000047 9.8581875 19.998047 11.992188 C 19.996047 16.396187 16.413812 19.978516 12.007812 19.978516 C 10.674812 19.977516 9.3544062 19.642812 8.1914062 19.007812 L 7.5175781 18.640625 L 6.7734375 18.816406 L 4.8046875 19.28125 L 5.2851562 17.496094 L 5.5019531 16.695312 L 5.0878906 15.976562 C 4.3898906 14.768562 4.0204844 13.387375 4.0214844 11.984375 C 4.0234844 7.582375 7.6067656 4 12.009766 4 z M 8.4765625 7.375 C 8.3095625 7.375 8.0395469 7.4375 7.8105469 7.6875 C 7.5815469 7.9365 6.9355469 8.5395781 6.9355469 9.7675781 C 6.9355469 10.995578 7.8300781 12.182609 7.9550781 12.349609 C 8.0790781 12.515609 9.68175 15.115234 12.21875 16.115234 C 14.32675 16.946234 14.754891 16.782234 15.212891 16.740234 C 15.670891 16.699234 16.690438 16.137687 16.898438 15.554688 C 17.106437 14.971687 17.106922 14.470187 17.044922 14.367188 C 16.982922 14.263188 16.816406 14.201172 16.566406 14.076172 C 16.317406 13.951172 15.090328 13.348625 14.861328 13.265625 C 14.632328 13.182625 14.464828 13.140625 14.298828 13.390625 C 14.132828 13.640625 13.655766 14.201187 13.509766 14.367188 C 13.363766 14.534188 13.21875 14.556641 12.96875 14.431641 C 12.71875 14.305641 11.914938 14.041406 10.960938 13.191406 C 10.218937 12.530406 9.7182656 11.714844 9.5722656 11.464844 C 9.4272656 11.215844 9.5585938 11.079078 9.6835938 10.955078 C 9.7955938 10.843078 9.9316406 10.663578 10.056641 10.517578 C 10.180641 10.371578 10.223641 10.267562 10.306641 10.101562 C 10.389641 9.9355625 10.347156 9.7890625 10.285156 9.6640625 C 10.223156 9.5390625 9.737625 8.3065 9.515625 7.8125 C 9.328625 7.3975 9.131125 7.3878594 8.953125 7.3808594 C 8.808125 7.3748594 8.6425625 7.375 8.4765625 7.375 z\"><\/path><\/svg><span class=\"wp-block-social-link-label screen-reader-text\">WhatsApp<\/span><\/a><\/li>\n\n<li class=\"wp-social-link wp-social-link-facebook  wp-block-social-link\"><a href=\"https:\/\/www.facebook.com\/gabinetqibalance\/\" class=\"wp-block-social-link-anchor\"><svg width=\"24\" height=\"24\" viewBox=\"0 0 24 24\" version=\"1.1\" xmlns=\"http:\/\/www.w3.org\/2000\/svg\" aria-hidden=\"true\" focusable=\"false\"><path d=\"M12 2C6.5 2 2 6.5 2 12c0 5 3.7 9.1 8.4 9.9v-7H7.9V12h2.5V9.8c0-2.5 1.5-3.9 3.8-3.9 1.1 0 2.2.2 2.2.2v2.5h-1.3c-1.2 0-1.6.8-1.6 1.6V12h2.8l-.4 2.9h-2.3v7C18.3 21.1 22 17 22 12c0-5.5-4.5-10-10-10z\"><\/path><\/svg><span class=\"wp-block-social-link-label screen-reader-text\">Facebook<\/span><\/a><\/li><\/ul>\n\n\n\n<p><\/p>\n","protected":false},"excerpt":{"rendered":"<p>Dr n. tech. in\u017c. Dagmara Do\u0142\u0119ga tel. 530 688 548 kontakt@qibalance.pl Przyjmuj\u0119 w gabinetach partnerskich w Katowicach &#8211; po wcze\u015bniejszym um\u00f3wieniu:\u2022 PONIEDZIA\u0141EK: Katowice Centrum \u2013 &hellip;<\/p>\n","protected":false},"author":1,"featured_media":0,"parent":0,"menu_order":0,"comment_status":"closed","ping_status":"closed","template":"","meta":{"footnotes":""},"class_list":["post-71","page","type-page","status-publish","hentry"],"yoast_head":"<!-- This site is optimized with the Yoast SEO plugin v27.4 - https:\/\/yoast.com\/product\/yoast-seo-wordpress\/ -->\n<title>Kontakt - Qi Balance<\/title>\n<meta name=\"robots\" content=\"index, follow, max-snippet:-1, max-image-preview:large, max-video-preview:-1\" \/>\n<link rel=\"canonical\" href=\"https:\/\/qibalance.pl\/?page_id=71\" \/>\n<meta property=\"og:locale\" content=\"pl_PL\" \/>\n<meta property=\"og:type\" content=\"article\" \/>\n<meta property=\"og:title\" content=\"Kontakt - Qi Balance\" \/>\n<meta property=\"og:description\" content=\"Dr n. tech. in\u017c. Dagmara Do\u0142\u0119ga tel. 530 688 548 kontakt@qibalance.pl Przyjmuj\u0119 w gabinetach partnerskich w Katowicach &#8211; po wcze\u015bniejszym um\u00f3wieniu:\u2022 PONIEDZIA\u0141EK: Katowice Centrum \u2013 &hellip;\" \/>\n<meta property=\"og:url\" content=\"https:\/\/qibalance.pl\/?page_id=71\" \/>\n<meta property=\"og:site_name\" content=\"Qi Balance\" \/>\n<meta property=\"article:modified_time\" content=\"2026-03-16T22:20:00+00:00\" \/>\n<meta property=\"og:image\" content=\"https:\/\/qibalance.pl\/wp-content\/uploads\/2026\/02\/kontakt-telefon.png\" \/>\n\t<meta property=\"og:image:width\" content=\"325\" \/>\n\t<meta property=\"og:image:height\" content=\"273\" \/>\n\t<meta property=\"og:image:type\" content=\"image\/png\" \/>\n<meta name=\"twitter:card\" content=\"summary_large_image\" \/>\n<meta name=\"twitter:label1\" content=\"Szacowany czas czytania\" \/>\n\t<meta name=\"twitter:data1\" content=\"1 minuta\" \/>\n<script type=\"application\/ld+json\" class=\"yoast-schema-graph\">{\"@context\":\"https:\\\/\\\/schema.org\",\"@graph\":[{\"@type\":\"WebPage\",\"@id\":\"https:\\\/\\\/qibalance.pl\\\/?page_id=71\",\"url\":\"https:\\\/\\\/qibalance.pl\\\/?page_id=71\",\"name\":\"Kontakt - Qi Balance\",\"isPartOf\":{\"@id\":\"https:\\\/\\\/qibalance.pl\\\/#website\"},\"primaryImageOfPage\":{\"@id\":\"https:\\\/\\\/qibalance.pl\\\/?page_id=71#primaryimage\"},\"image\":{\"@id\":\"https:\\\/\\\/qibalance.pl\\\/?page_id=71#primaryimage\"},\"thumbnailUrl\":\"https:\\\/\\\/ddolega.hosting24.pl\\\/qibalance\\\/wp-content\\\/uploads\\\/2026\\\/02\\\/kontakt-telefon.png\",\"datePublished\":\"2026-01-27T21:41:27+00:00\",\"dateModified\":\"2026-03-16T22:20:00+00:00\",\"breadcrumb\":{\"@id\":\"https:\\\/\\\/qibalance.pl\\\/?page_id=71#breadcrumb\"},\"inLanguage\":\"pl-PL\",\"potentialAction\":[{\"@type\":\"ReadAction\",\"target\":[\"https:\\\/\\\/qibalance.pl\\\/?page_id=71\"]}]},{\"@type\":\"ImageObject\",\"inLanguage\":\"pl-PL\",\"@id\":\"https:\\\/\\\/qibalance.pl\\\/?page_id=71#primaryimage\",\"url\":\"https:\\\/\\\/ddolega.hosting24.pl\\\/qibalance\\\/wp-content\\\/uploads\\\/2026\\\/02\\\/kontakt-telefon.png\",\"contentUrl\":\"https:\\\/\\\/ddolega.hosting24.pl\\\/qibalance\\\/wp-content\\\/uploads\\\/2026\\\/02\\\/kontakt-telefon.png\"},{\"@type\":\"BreadcrumbList\",\"@id\":\"https:\\\/\\\/qibalance.pl\\\/?page_id=71#breadcrumb\",\"itemListElement\":[{\"@type\":\"ListItem\",\"position\":1,\"name\":\"Strona g\u0142\u00f3wna\",\"item\":\"https:\\\/\\\/qibalance.pl\\\/\"},{\"@type\":\"ListItem\",\"position\":2,\"name\":\"Kontakt\"}]},{\"@type\":\"WebSite\",\"@id\":\"https:\\\/\\\/qibalance.pl\\\/#website\",\"url\":\"https:\\\/\\\/qibalance.pl\\\/\",\"name\":\"Qi Balance\",\"description\":\"Akupunktura w Katowicach wspieraj\u0105ca organizm w stresie, b\u00f3lu, bezsenno\u015bci i zm\u0119czeniu.\",\"publisher\":{\"@id\":\"https:\\\/\\\/qibalance.pl\\\/#organization\"},\"potentialAction\":[{\"@type\":\"SearchAction\",\"target\":{\"@type\":\"EntryPoint\",\"urlTemplate\":\"https:\\\/\\\/qibalance.pl\\\/?s={search_term_string}\"},\"query-input\":{\"@type\":\"PropertyValueSpecification\",\"valueRequired\":true,\"valueName\":\"search_term_string\"}}],\"inLanguage\":\"pl-PL\"},{\"@type\":\"Organization\",\"@id\":\"https:\\\/\\\/qibalance.pl\\\/#organization\",\"name\":\"Qi Balance\",\"url\":\"https:\\\/\\\/qibalance.pl\\\/\",\"logo\":{\"@type\":\"ImageObject\",\"inLanguage\":\"pl-PL\",\"@id\":\"https:\\\/\\\/qibalance.pl\\\/#\\\/schema\\\/logo\\\/image\\\/\",\"url\":\"https:\\\/\\\/qibalance.pl\\\/wp-content\\\/uploads\\\/2026\\\/02\\\/cropped-QiBalance-logo-zlote-1.png\",\"contentUrl\":\"https:\\\/\\\/qibalance.pl\\\/wp-content\\\/uploads\\\/2026\\\/02\\\/cropped-QiBalance-logo-zlote-1.png\",\"width\":512,\"height\":512,\"caption\":\"Qi Balance\"},\"image\":{\"@id\":\"https:\\\/\\\/qibalance.pl\\\/#\\\/schema\\\/logo\\\/image\\\/\"}}]}<\/script>\n<!-- \/ Yoast SEO plugin. -->","yoast_head_json":{"title":"Kontakt - Qi Balance","robots":{"index":"index","follow":"follow","max-snippet":"max-snippet:-1","max-image-preview":"max-image-preview:large","max-video-preview":"max-video-preview:-1"},"canonical":"https:\/\/qibalance.pl\/?page_id=71","og_locale":"pl_PL","og_type":"article","og_title":"Kontakt - Qi Balance","og_description":"Dr n. tech. in\u017c. Dagmara Do\u0142\u0119ga tel. 530 688 548 kontakt@qibalance.pl Przyjmuj\u0119 w gabinetach partnerskich w Katowicach &#8211; po wcze\u015bniejszym um\u00f3wieniu:\u2022 PONIEDZIA\u0141EK: Katowice Centrum \u2013 &hellip;","og_url":"https:\/\/qibalance.pl\/?page_id=71","og_site_name":"Qi Balance","article_modified_time":"2026-03-16T22:20:00+00:00","og_image":[{"width":325,"height":273,"url":"https:\/\/qibalance.pl\/wp-content\/uploads\/2026\/02\/kontakt-telefon.png","type":"image\/png"}],"twitter_card":"summary_large_image","twitter_misc":{"Szacowany czas czytania":"1 minuta"},"schema":{"@context":"https:\/\/schema.org","@graph":[{"@type":"WebPage","@id":"https:\/\/qibalance.pl\/?page_id=71","url":"https:\/\/qibalance.pl\/?page_id=71","name":"Kontakt - Qi Balance","isPartOf":{"@id":"https:\/\/qibalance.pl\/#website"},"primaryImageOfPage":{"@id":"https:\/\/qibalance.pl\/?page_id=71#primaryimage"},"image":{"@id":"https:\/\/qibalance.pl\/?page_id=71#primaryimage"},"thumbnailUrl":"https:\/\/ddolega.hosting24.pl\/qibalance\/wp-content\/uploads\/2026\/02\/kontakt-telefon.png","datePublished":"2026-01-27T21:41:27+00:00","dateModified":"2026-03-16T22:20:00+00:00","breadcrumb":{"@id":"https:\/\/qibalance.pl\/?page_id=71#breadcrumb"},"inLanguage":"pl-PL","potentialAction":[{"@type":"ReadAction","target":["https:\/\/qibalance.pl\/?page_id=71"]}]},{"@type":"ImageObject","inLanguage":"pl-PL","@id":"https:\/\/qibalance.pl\/?page_id=71#primaryimage","url":"https:\/\/ddolega.hosting24.pl\/qibalance\/wp-content\/uploads\/2026\/02\/kontakt-telefon.png","contentUrl":"https:\/\/ddolega.hosting24.pl\/qibalance\/wp-content\/uploads\/2026\/02\/kontakt-telefon.png"},{"@type":"BreadcrumbList","@id":"https:\/\/qibalance.pl\/?page_id=71#breadcrumb","itemListElement":[{"@type":"ListItem","position":1,"name":"Strona g\u0142\u00f3wna","item":"https:\/\/qibalance.pl\/"},{"@type":"ListItem","position":2,"name":"Kontakt"}]},{"@type":"WebSite","@id":"https:\/\/qibalance.pl\/#website","url":"https:\/\/qibalance.pl\/","name":"Qi Balance","description":"Akupunktura w Katowicach wspieraj\u0105ca organizm w stresie, b\u00f3lu, bezsenno\u015bci i zm\u0119czeniu.","publisher":{"@id":"https:\/\/qibalance.pl\/#organization"},"potentialAction":[{"@type":"SearchAction","target":{"@type":"EntryPoint","urlTemplate":"https:\/\/qibalance.pl\/?s={search_term_string}"},"query-input":{"@type":"PropertyValueSpecification","valueRequired":true,"valueName":"search_term_string"}}],"inLanguage":"pl-PL"},{"@type":"Organization","@id":"https:\/\/qibalance.pl\/#organization","name":"Qi Balance","url":"https:\/\/qibalance.pl\/","logo":{"@type":"ImageObject","inLanguage":"pl-PL","@id":"https:\/\/qibalance.pl\/#\/schema\/logo\/image\/","url":"https:\/\/qibalance.pl\/wp-content\/uploads\/2026\/02\/cropped-QiBalance-logo-zlote-1.png","contentUrl":"https:\/\/qibalance.pl\/wp-content\/uploads\/2026\/02\/cropped-QiBalance-logo-zlote-1.png","width":512,"height":512,"caption":"Qi Balance"},"image":{"@id":"https:\/\/qibalance.pl\/#\/schema\/logo\/image\/"}}]}},"_links":{"self":[{"href":"https:\/\/qibalance.pl\/index.php?rest_route=\/wp\/v2\/pages\/71","targetHints":{"allow":["GET"]}}],"collection":[{"href":"https:\/\/qibalance.pl\/index.php?rest_route=\/wp\/v2\/pages"}],"about":[{"href":"https:\/\/qibalance.pl\/index.php?rest_route=\/wp\/v2\/types\/page"}],"author":[{"embeddable":true,"href":"https:\/\/qibalance.pl\/index.php?rest_route=\/wp\/v2\/users\/1"}],"replies":[{"embeddable":true,"href":"https:\/\/qibalance.pl\/index.php?rest_route=%2Fwp%2Fv2%2Fcomments&post=71"}],"version-history":[{"count":14,"href":"https:\/\/qibalance.pl\/index.php?rest_route=\/wp\/v2\/pages\/71\/revisions"}],"predecessor-version":[{"id":445,"href":"https:\/\/qibalance.pl\/index.php?rest_route=\/wp\/v2\/pages\/71\/revisions\/445"}],"wp:attachment":[{"href":"https:\/\/qibalance.pl\/index.php?rest_route=%2Fwp%2Fv2%2Fmedia&parent=71"}],"curies":[{"name":"wp","href":"https:\/\/api.w.org\/{rel}","templated":true}]}}